{"id":729,"date":"2023-04-03T08:59:23","date_gmt":"2023-04-03T08:59:23","guid":{"rendered":"https:\/\/skeivteori.no\/?page_id=729"},"modified":"2023-04-19T06:50:17","modified_gmt":"2023-04-19T06:50:17","slug":"rosa-skole","status":"publish","type":"page","link":"https:\/\/skeivteori.no\/en\/rosa-skole\/","title":{"rendered":"Rosa Skole"},"content":{"rendered":"<div class=\"wp-block-uagb-container uagb-block-ca8da5b8 alignfull uagb-is-root-container\"><div class=\"uagb-container-inner-blocks-wrap\">\n<div style=\"height:100px\" aria-hidden=\"true\" class=\"wp-block-spacer\"><\/div>\n\n\n\n<div class=\"wp-block-uagb-advanced-heading uagb-block-687003ac\"><h2 class=\"uagb-heading-text\">Gender identity in textbooks comes from queer interest groups<\/h2><\/div>\n\n\n\n<p>Below are documents that confirm the association FRI&#039;s involvement in gender identity being included in textbooks and probably also in the curriculum. On page 24 of the document \u201cAssociation Fri, Rosa Kompetanse Skole annual report\u201d it is stated that the association FRI has had contact with the publishers Cappelen Damm and Gyldendal where FRI at Rosa Kompetanse \u201coffers professional guidance related to sexual orientation, gender identity and gender expression\u201d<\/p>\n\n\n<div class=\"wp-block-uagb-faq uagb-faq__outer-wrap uagb-block-34b8c135 uagb-faq-icon-row-reverse uagb-faq-layout-accordion uagb-faq-expand-first-false uagb-faq-inactive-other-true uagb-faq__wrap uagb-buttons-layout-wrap uagb-faq-equal-height\" data-faqtoggle=\"true\" role=\"tablist\"><div class=\"wp-block-uagb-faq-child uagb-faq-child__outer-wrap uagb-faq-item uagb-block-d5faed10\" role=\"tab\" tabindex=\"0\"><div class=\"uagb-faq-questions-button uagb-faq-questions\">\t\t\t<span class=\"uagb-icon uagb-faq-icon-wrap\">\n\t\t\t\t\t\t\t\t<svg xmlns=\"https:\/\/www.w3.org\/2000\/svg\" viewbox= \"0 0 448 512\"><path d=\"M432 256c0 17.69-14.33 32.01-32 32.01H256v144c0 17.69-14.33 31.99-32 31.99s-32-14.3-32-31.99v-144H48c-17.67 0-32-14.32-32-32.01s14.33-31.99 32-31.99H192v-144c0-17.69 14.33-32.01 32-32.01s32 14.32 32 32.01v144h144C417.7 224 432 238.3 432 256z\"><\/path><\/svg>\n\t\t\t\t\t\t\t<\/span>\n\t\t\t\t\t\t<span class=\"uagb-icon-active uagb-faq-icon-wrap\">\n\t\t\t\t\t\t\t\t<svg xmlns=\"https:\/\/www.w3.org\/2000\/svg\" viewbox= \"0 0 448 512\"><path d=\"M400 288h-352c-17.69 0-32-14.32-32-32.01s14.31-31.99 32-31.99h352c17.69 0 32 14.3 32 31.99S417.7 288 400 288z\"><\/path><\/svg>\n\t\t\t\t\t\t\t<\/span>\n\t\t\t<h5 class=\"uagb-question\">Read more<\/h5><\/div><div class=\"uagb-faq-content\"><p>It further states that the association FRI &quot;throughout 2020 has provided professional feedback on teaching materials from Cappelen Damm and two teaching materials from Gyldendal. We have also contributed to curriculum literature for associate professor students at UiO&quot;\u201c<br><br>In other words, one can draw a common thread from the FRI association to the textbooks for children down to grade 4. When it comes to Aschehough publishing house and the Arena learning books for elementary schools in social studies, it appears that one of the authors of the textbook is former deputy chairman of the FRI association, Guro Sibeko.<br><br>Four other documents contain cooperation agreements between the association FRI and the School Leaders&#039; Association, the National Association of Schools, the Pedagogical Students and the Trade Union Federation. All of the agreements express their support for FRI&#039;s Pink Competence School and their teaching program.<br><br>The agreements state that all the unions will \u201cstrengthen their competence and the competence of their members on gender and sexuality\u201d. The unions want to use resources from Rosa Kompetanse in the training of members and elected representatives. In addition, all the unions will each have a place for a representative on the steering group of FRI\u2019s Rosa Kompetanse Skole.<br><br>The agreement with the Trade Union also states that \u201cThe Trade Union shall use lecturers from FRI in the Trade Union\u2019s training of employees in the early childhood sector and in kindergarten.\u201d<br>Yes, you read that right. In kindergarten.<br><br>On the website of the Association FRI under their political platform, they themselves have written about their most important function as a queer interest organization: \u201cOne of our most important tasks is to conduct advocacy work towards the wider society, such as politicians, organizations, authorities, business and mass media. This work is conducted locally, regionally, nationally and internationally, including through pride and other queer events.\u201d<br>The FRI association has the power to define pride, sexuality and gender, and thus the content of sexuality education. These are large cultural areas that affect much of society, from a small interest organization with 4,000 members.<br>FRI has influence on what has already been included in school textbooks and FRI strongly influences how politics and legislation are formulated. Dozens of associations and organizations are closely linked to the FRI association&#039;s spread of queer theory. From unions to associations, companies, agencies and political parties.<br><br>FRI receives tens of millions in public funds annually. One wonders if the state pays the FRI association to conduct advocacy work and change culture, laws, education and norms for everyone in the country. Public funds are used to run the FRI organization&#039;s work, and the state bureaucracy rolls out queer theory from the FRI association as the basis for state action plans, curricula and medical guidelines.<br><br>Other major promoters and supporters of FRI who want queer theory in schools, kindergartens, teaching and into society in general are: Sex and Society, Queer Youth, the Patient Organization for Gender Incongruent, Sex and Politics, Queer World and the Human-Ethical Federation. The list is much longer than this.<\/p><\/div><\/div><\/div>\n\n\n<h2 class=\"wp-block-heading\"><strong>The Free Association influences the 2020 curriculum<\/strong><\/h2>\n\n\n\n<p>Several articles, reader contributions, and the results of the curriculum confirm that Fri has had the power to define and introduce \u201cgender identity\u201d and queer theory into the 2020 curriculum.<\/p>\n\n\n<div class=\"wp-block-uagb-faq uagb-faq__outer-wrap uagb-block-dfb076c2 uagb-faq-icon-row-reverse uagb-faq-layout-accordion uagb-faq-expand-first-false uagb-faq-inactive-other-true uagb-faq__wrap uagb-buttons-layout-wrap uagb-faq-equal-height\" data-faqtoggle=\"true\" role=\"tablist\"><div class=\"wp-block-uagb-faq-child uagb-faq-child__outer-wrap uagb-faq-item uagb-block-120741eb\" role=\"tab\" tabindex=\"0\"><div class=\"uagb-faq-questions-button uagb-faq-questions\">\t\t\t<span class=\"uagb-icon uagb-faq-icon-wrap\">\n\t\t\t\t\t\t\t\t<svg xmlns=\"https:\/\/www.w3.org\/2000\/svg\" viewbox= \"0 0 448 512\"><path d=\"M432 256c0 17.69-14.33 32.01-32 32.01H256v144c0 17.69-14.33 31.99-32 31.99s-32-14.3-32-31.99v-144H48c-17.67 0-32-14.32-32-32.01s14.33-31.99 32-31.99H192v-144c0-17.69 14.33-32.01 32-32.01s32 14.32 32 32.01v144h144C417.7 224 432 238.3 432 256z\"><\/path><\/svg>\n\t\t\t\t\t\t\t<\/span>\n\t\t\t\t\t\t<span class=\"uagb-icon-active uagb-faq-icon-wrap\">\n\t\t\t\t\t\t\t\t<svg xmlns=\"https:\/\/www.w3.org\/2000\/svg\" viewbox= \"0 0 448 512\"><path d=\"M400 288h-352c-17.69 0-32-14.32-32-32.01s14.31-31.99 32-31.99h352c17.69 0 32 14.3 32 31.99S417.7 288 400 288z\"><\/path><\/svg>\n\t\t\t\t\t\t\t<\/span>\n\t\t\t<h5 class=\"uagb-question\">Read more<\/h5><\/div><div class=\"uagb-faq-content\"><p><br><strong>Documented introduction of \u201cgender identity\u201d into the curriculum:<\/strong><br><br>The Fri Association with its partners, Redd Barna, Amnesty, Skeiv Ungdom, a total of 18 interest groups, demanded from the Minister of Education that \u201cgender identity\u201d be introduced into the curriculum after the first hearing. And shortly after, it was included.\u00a0<br><br><strong>Quote from a reader&#039;s post from Fri in Dagbladet:<\/strong><br>\u201cWe cannot have a curriculum in 2020 that does not ensure students receive good education about sexual orientation, gender identity and gender expression. The consequences are too dramatic.\u201d<br><br><a href=\"https:\/\/www.dagbladet.no\/kultur\/kritisk-glipp-i-fagfornyelsen\/71814156\" target=\"_blank\" rel=\"noreferrer noopener\">https:\/\/www.dagbladet.no\/kultur\/kritisk-glipp-i-fagfornyelsen\/71814156<br><\/a><br>On their own pages, the association Fri writes about their advocacy work to get gender identity into the curriculum.<br><br><strong>Quote from the website of the association Fri about their work:<\/strong><br>\u201cSexual orientation, gender identity and gender expression are concepts that are used in an increasing number of contexts, both in governing documents, for example in the framework plan for kindergarten, as well as in professional texts and legislation, for example in a separate section in the Discrimination Act.\u201d<br><a href=\"https:\/\/www.foreningenfri.no\/seksuell-orientering-kjonnsidentitet-og-kjonnsuttrykk-i-ny-laereplan\/\" target=\"_blank\" rel=\"noreferrer noopener\">https:\/\/www.foreningenfri.no\/seksuell-orientering-kjonnsidentitet-og-kjonnsuttrykk-i-ny-laereplan\/<br><\/a><br>TV2 confirms that the Minister of Education was pressured, but denies that he was pressured when 18 interest groups put pressure on Sanner. Shortly after, gender identity was included in the curriculum.<br><br><strong>Quote from TV2&#039;s article:<\/strong><br>\u201cMinister of Education Jan Tore Sanner (H) tells TV 2 that he wants Norwegian schoolchildren to learn about sexual orientation and gender expression.<br>\u2013 Yes, of course it should be included. Students should have knowledge about different sexual orientations. We should lay the foundation for combating prejudice and discrimination and promoting openness. So gender identity, gender expression and different sexual orientations should be included in the new curricula, says Sanner.\u201d<br><br><a href=\"https:\/\/www.tv2.no\/nyheter\/innenriks\/homofili-utelatt-i-nye-laere-planer-endret-i-siste-liten\/10984389\/\" target=\"_blank\" rel=\"noreferrer noopener\">https:\/\/www.tv2.no\/nyheter\/innenriks\/homofili-utelatt-i-nye-laere-planer-endret-i-siste-liten\/10984389\/<\/a><\/p><\/div><\/div><\/div><\/div><\/div>\n\n\n\n<div class=\"wp-block-uagb-container uagb-block-755d06cf alignfull uagb-is-root-container\"><div class=\"uagb-container-inner-blocks-wrap\">\n<div class=\"wp-block-uagb-container uagb-block-ed03e7aa\">\n<div data-wp-interactive=\"core\/file\" class=\"wp-block-file\"><object data-wp-bind--hidden=\"!state.hasPdfPreview\" hidden class=\"wp-block-file__embed\" data=\"https:\/\/skeivteori.no\/wp-content\/uploads\/2023\/04\/16-Undervisningsopplegg-1.-10-trinn-revidert-2020.pdf\" type=\"application\/pdf\" style=\"width:100%;height:600px\" aria-label=\"Embed of Undervisningsopplegg 1-10. klasse.\"><\/object><a id=\"wp-block-file--media-8fdd3a29-2e3c-40e5-a4f8-735d54947097\" href=\"https:\/\/skeivteori.no\/wp-content\/uploads\/2023\/04\/16-Undervisningsopplegg-1.-10-trinn-revidert-2020.pdf\">Teaching plan 1-10th grade<\/a><a href=\"https:\/\/skeivteori.no\/wp-content\/uploads\/2023\/04\/16-Undervisningsopplegg-1.-10-trinn-revidert-2020.pdf\" class=\"wp-block-file__button wp-element-button\" download aria-describedby=\"wp-block-file--media-8fdd3a29-2e3c-40e5-a4f8-735d54947097\">Download<\/a><\/div>\n<\/div>\n\n\n\n<div class=\"wp-block-uagb-container uagb-block-a6edbf7b\">\n<div data-wp-interactive=\"core\/file\" class=\"wp-block-file\"><object data-wp-bind--hidden=\"!state.hasPdfPreview\" hidden class=\"wp-block-file__embed\" data=\"https:\/\/skeivteori.no\/wp-content\/uploads\/2023\/04\/17-Samarbeidsavtale-mellom-Rosa-kompetanse-skole-og-Fagforbundet.pdf\" type=\"application\/pdf\" style=\"width:100%;height:600px\" aria-label=\"Embed of Samarbeidsavtale.\"><\/object><a id=\"wp-block-file--media-e6c29c84-a3c9-4a93-9c20-0c7685f2a245\" href=\"https:\/\/skeivteori.no\/wp-content\/uploads\/2023\/04\/17-Samarbeidsavtale-mellom-Rosa-kompetanse-skole-og-Fagforbundet.pdf\">Cooperation agreement<\/a><a href=\"https:\/\/skeivteori.no\/wp-content\/uploads\/2023\/04\/17-Samarbeidsavtale-mellom-Rosa-kompetanse-skole-og-Fagforbundet.pdf\" class=\"wp-block-file__button wp-element-button\" download aria-describedby=\"wp-block-file--media-e6c29c84-a3c9-4a93-9c20-0c7685f2a245\">Download<\/a><\/div>\n<\/div>\n\n\n\n<div class=\"wp-block-uagb-container uagb-block-5c8319c0\">\n<div data-wp-interactive=\"core\/file\" class=\"wp-block-file\"><object data-wp-bind--hidden=\"!state.hasPdfPreview\" hidden class=\"wp-block-file__embed\" data=\"https:\/\/skeivteori.no\/wp-content\/uploads\/2023\/04\/18-Samarbeidsavtale-mellom-Rosa-kompetanse-skole-og-Pedagogstudentene.pdf\" type=\"application\/pdf\" style=\"width:100%;height:600px\" aria-label=\"Embed of Samarbeidsavtale 2.\"><\/object><a id=\"wp-block-file--media-7348b653-0652-4996-a925-252d891c08b7\" href=\"https:\/\/skeivteori.no\/wp-content\/uploads\/2023\/04\/18-Samarbeidsavtale-mellom-Rosa-kompetanse-skole-og-Pedagogstudentene.pdf\">Cooperation agreement 2<\/a><a href=\"https:\/\/skeivteori.no\/wp-content\/uploads\/2023\/04\/18-Samarbeidsavtale-mellom-Rosa-kompetanse-skole-og-Pedagogstudentene.pdf\" class=\"wp-block-file__button wp-element-button\" download aria-describedby=\"wp-block-file--media-7348b653-0652-4996-a925-252d891c08b7\">Download<\/a><\/div>\n<\/div>\n<\/div><\/div>\n\n\n\n<div class=\"wp-block-uagb-container uagb-block-a288f665 alignfull uagb-is-root-container\"><div class=\"uagb-container-inner-blocks-wrap\">\n<div class=\"wp-block-uagb-container uagb-block-4cb330be\">\n<div data-wp-interactive=\"core\/file\" class=\"wp-block-file\"><object data-wp-bind--hidden=\"!state.hasPdfPreview\" hidden class=\"wp-block-file__embed\" data=\"https:\/\/skeivteori.no\/wp-content\/uploads\/2023\/04\/19-Samarbeidsavtale-Rosa-kompetanse-skole-og-Skolelederforbundet.pdf\" type=\"application\/pdf\" style=\"width:100%;height:600px\" aria-label=\"Embed of Samarbeidsavtale - Signert.\"><\/object><a id=\"wp-block-file--media-64eae5d7-0416-4545-aa50-c3341e532b19\" href=\"https:\/\/skeivteori.no\/wp-content\/uploads\/2023\/04\/19-Samarbeidsavtale-Rosa-kompetanse-skole-og-Skolelederforbundet.pdf\">Cooperation Agreement \u2013 Signed<\/a><a href=\"https:\/\/skeivteori.no\/wp-content\/uploads\/2023\/04\/19-Samarbeidsavtale-Rosa-kompetanse-skole-og-Skolelederforbundet.pdf\" class=\"wp-block-file__button wp-element-button\" download aria-describedby=\"wp-block-file--media-64eae5d7-0416-4545-aa50-c3341e532b19\">Download<\/a><\/div>\n<\/div>\n\n\n\n<div class=\"wp-block-uagb-container uagb-block-1cfc5ed5\">\n<div data-wp-interactive=\"core\/file\" class=\"wp-block-file\"><object data-wp-bind--hidden=\"!state.hasPdfPreview\" hidden class=\"wp-block-file__embed\" data=\"https:\/\/skeivteori.no\/wp-content\/uploads\/2023\/04\/20-Samarbeidsavtale-Rosa-kompetanse-skole-og-Skolenes-landsforbund.pdf\" type=\"application\/pdf\" style=\"width:100%;height:600px\" aria-label=\"Embed of Samarbeidsavtale 2 - Signert.\"><\/object><a id=\"wp-block-file--media-e767d50d-54ee-4d9e-9059-cb2ab3dbc94f\" href=\"https:\/\/skeivteori.no\/wp-content\/uploads\/2023\/04\/20-Samarbeidsavtale-Rosa-kompetanse-skole-og-Skolenes-landsforbund.pdf\">Cooperation Agreement 2 \u2013 Signed<\/a><a href=\"https:\/\/skeivteori.no\/wp-content\/uploads\/2023\/04\/20-Samarbeidsavtale-Rosa-kompetanse-skole-og-Skolenes-landsforbund.pdf\" class=\"wp-block-file__button wp-element-button\" download aria-describedby=\"wp-block-file--media-e767d50d-54ee-4d9e-9059-cb2ab3dbc94f\">Download<\/a><\/div>\n<\/div>\n\n\n\n<div class=\"wp-block-uagb-container uagb-block-4d19096d\">\n<div data-wp-interactive=\"core\/file\" class=\"wp-block-file\"><object data-wp-bind--hidden=\"!state.hasPdfPreview\" hidden class=\"wp-block-file__embed\" data=\"https:\/\/skeivteori.no\/wp-content\/uploads\/2023\/04\/Arsrapport-Rosa-kompetanse-skole-2020-1.pdf\" type=\"application\/pdf\" style=\"width:100%;height:600px\" aria-label=\"Embed of \u00c5rsrapport 2020.\"><\/object><a id=\"wp-block-file--media-e085b042-789a-458f-ab9d-a0449f770891\" href=\"https:\/\/skeivteori.no\/wp-content\/uploads\/2023\/04\/Arsrapport-Rosa-kompetanse-skole-2020-1.pdf\">Annual report 2020<\/a><a href=\"https:\/\/skeivteori.no\/wp-content\/uploads\/2023\/04\/Arsrapport-Rosa-kompetanse-skole-2020-1.pdf\" class=\"wp-block-file__button wp-element-button\" download aria-describedby=\"wp-block-file--media-e085b042-789a-458f-ab9d-a0449f770891\">Download<\/a><\/div>\n<\/div>\n<\/div><\/div>\n\n\n\n<div class=\"wp-block-uagb-container uagb-block-3500f087 alignfull uagb-is-root-container\"><div class=\"uagb-container-inner-blocks-wrap\">\n<div class=\"wp-block-uagb-container uagb-block-c27acbce\">\n<div data-wp-interactive=\"core\/file\" class=\"wp-block-file\"><object data-wp-bind--hidden=\"!state.hasPdfPreview\" hidden class=\"wp-block-file__embed\" data=\"https:\/\/skeivteori.no\/wp-content\/uploads\/2023\/04\/11-Rosa-kompetanse-skolebrosjyre.pdf\" type=\"application\/pdf\" style=\"width:100%;height:600px\" aria-label=\"Embed of Rosa kompetanse-skolebrosjyre.\"><\/object><a id=\"wp-block-file--media-248f7f94-e465-450c-af5a-b57bc6e4f215\" href=\"https:\/\/skeivteori.no\/wp-content\/uploads\/2023\/04\/11-Rosa-kompetanse-skolebrosjyre.pdf\">Pink competence school brochure<\/a><a href=\"https:\/\/skeivteori.no\/wp-content\/uploads\/2023\/04\/11-Rosa-kompetanse-skolebrosjyre.pdf\" class=\"wp-block-file__button wp-element-button\" download aria-describedby=\"wp-block-file--media-248f7f94-e465-450c-af5a-b57bc6e4f215\">Download<\/a><\/div>\n<\/div>\n\n\n\n<div class=\"wp-block-uagb-container uagb-block-8727e2a7\"><\/div>\n\n\n\n<div class=\"wp-block-uagb-container uagb-block-a2147bea\"><\/div>\n<\/div><\/div>","protected":false},"excerpt":{"rendered":"<p>Kj\u00f8nnsidentitet i l\u00e6reb\u00f8ker kommer fra skeive interesseorganisasjoner Nedenfor er dokumenter som bekrefter foreningen FRI sin involvering i at kj\u00f8nnsidentitet er kommet inn i l\u00e6reb\u00f8kene og trolig ogs\u00e5 i l\u00e6replanen. [&hellip;]<\/p>\n","protected":false},"author":1,"featured_media":0,"parent":0,"menu_order":0,"comment_status":"closed","ping_status":"closed","template":"","meta":{"give_campaign_id":0,"_uag_custom_page_level_css":"","site-sidebar-layout":"no-sidebar","site-content-layout":"page-builder","ast-site-content-layout":"default","site-content-style":"default","site-sidebar-style":"default","ast-global-header-display":"","ast-banner-title-visibility":"","ast-main-header-display":"","ast-hfb-above-header-display":"","ast-hfb-below-header-display":"","ast-hfb-mobile-header-display":"","site-post-title":"disabled","ast-breadcrumbs-content":"","ast-featured-img":"disabled","footer-sml-layout":"","ast-disable-related-posts":"","theme-transparent-header-meta":"","adv-header-id-meta":"","stick-header-meta":"","header-above-stick-meta":"","header-main-stick-meta":"","header-below-stick-meta":"","astra-migrate-meta-layouts":"default","ast-page-background-enabled":"default","ast-page-background-meta":{"desktop":{"background-color":"var(--ast-global-color-4)","background-image":"","background-repeat":"repeat","background-position":"center center","background-size":"auto","background-attachment":"scroll","background-type":"","background-media":"","overlay-type":"","overlay-color":"","overlay-opacity":"","overlay-gradient":""},"tablet":{"background-color":"","background-image":"","background-repeat":"repeat","background-position":"center center","background-size":"auto","background-attachment":"scroll","background-type":"","background-media":"","overlay-type":"","overlay-color":"","overlay-opacity":"","overlay-gradient":""},"mobile":{"background-color":"","background-image":"","background-repeat":"repeat","background-position":"center center","background-size":"auto","background-attachment":"scroll","background-type":"","background-media":"","overlay-type":"","overlay-color":"","overlay-opacity":"","overlay-gradient":""}},"ast-content-background-meta":{"desktop":{"background-color":"var(--ast-global-color-5)","background-image":"","background-repeat":"repeat","background-position":"center center","background-size":"auto","background-attachment":"scroll","background-type":"","background-media":"","overlay-type":"","overlay-color":"","overlay-opacity":"","overlay-gradient":""},"tablet":{"background-color":"var(--ast-global-color-5)","background-image":"","background-repeat":"repeat","background-position":"center center","background-size":"auto","background-attachment":"scroll","background-type":"","background-media":"","overlay-type":"","overlay-color":"","overlay-opacity":"","overlay-gradient":""},"mobile":{"background-color":"var(--ast-global-color-5)","background-image":"","background-repeat":"repeat","background-position":"center center","background-size":"auto","background-attachment":"scroll","background-type":"","background-media":"","overlay-type":"","overlay-color":"","overlay-opacity":"","overlay-gradient":""}},"footnotes":""},"class_list":["post-729","page","type-page","status-publish","hentry"],"campaignId":"","uagb_featured_image_src":{"full":false,"thumbnail":false,"medium":false,"medium_large":false,"large":false,"1536x1536":false,"2048x2048":false,"trp-custom-language-flag":false,"betterdocs-category-thumb":false},"uagb_author_info":{"display_name":"Skeiv teori","author_link":"https:\/\/skeivteori.no\/en\/author\/post49590\/"},"uagb_comment_info":0,"uagb_excerpt":"Kj\u00f8nnsidentitet i l\u00e6reb\u00f8ker kommer fra skeive interesseorganisasjoner Nedenfor er dokumenter som bekrefter foreningen FRI sin involvering i at kj\u00f8nnsidentitet er kommet inn i l\u00e6reb\u00f8kene og trolig ogs\u00e5 i l\u00e6replanen. [&hellip;]","_links":{"self":[{"href":"https:\/\/skeivteori.no\/en\/wp-json\/wp\/v2\/pages\/729","targetHints":{"allow":["GET"]}}],"collection":[{"href":"https:\/\/skeivteori.no\/en\/wp-json\/wp\/v2\/pages"}],"about":[{"href":"https:\/\/skeivteori.no\/en\/wp-json\/wp\/v2\/types\/page"}],"author":[{"embeddable":true,"href":"https:\/\/skeivteori.no\/en\/wp-json\/wp\/v2\/users\/1"}],"replies":[{"embeddable":true,"href":"https:\/\/skeivteori.no\/en\/wp-json\/wp\/v2\/comments?post=729"}],"version-history":[{"count":0,"href":"https:\/\/skeivteori.no\/en\/wp-json\/wp\/v2\/pages\/729\/revisions"}],"wp:attachment":[{"href":"https:\/\/skeivteori.no\/en\/wp-json\/wp\/v2\/media?parent=729"}],"curies":[{"name":"wp","href":"https:\/\/api.w.org\/{rel}","templated":true}]}}